{"id":4076,"date":"2016-02-23T12:25:10","date_gmt":"2016-02-23T11:25:10","guid":{"rendered":"https:\/\/www.lestanzedisantacroce.com\/privacy-cookies-2\/"},"modified":"2022-07-06T16:58:21","modified_gmt":"2022-07-06T14:58:21","slug":"privacy-cookies","status":"publish","type":"page","link":"https:\/\/www.lestanzedisantacroce.com\/it\/privacy-cookies\/","title":{"rendered":"Privacy &#038; Cookies"},"content":{"rendered":"<p style=\"text-align: center;\"><em>Pagina aggiornata il <strong>01\/01\/2022<\/strong><\/em><\/p>\n<p style=\"text-align: center;\"><em>Questa pagina contiene l\u2019informativa sulla <a href=\"#privacy\">privacy (Privacy Policy)<\/a> e l\u2019informativa estesa sull\u2019utilizzo dei <a href=\"#cookie\">cookie (Cookie Policy)<\/a> aggiornate in base al <strong>Regolamento Generale sulla Protezione dei Dati<\/strong> (GDPR- General Data Protection Regulation) n. 679\/2016.\u00a0\u00a0Puoi ottenere ulteriori informazioni sul GDPR dalla\u00a0<a href=\"http:\/\/ec.europa.eu\/justice\/smedataprotect\/index_it.htm\" target=\"_blank\" rel=\"noopener noreferrer\">pagina sulla protezione dei dati<\/a>\u00a0della Commissione europea.<\/em><\/p>\n<p><a href=\"http:\/\/ec.europa.eu\/justice\/smedataprotect\/index_en.htm\" target=\"_blank\" rel=\"noopener noreferrer\"><img decoding=\"async\" class=\"aligncenter size-full wp-image-6701\" src=\"http:\/\/www.em3design.it\/wp-content\/uploads\/2018\/05\/GDPR-250-q.png\" alt=\"Logo GDPR\" width=\"250\" height=\"250\" \/><\/a><\/p>\n<div class=\"bottone-cookie-privacy-page\" style=\"display: none;\"><button class=\"wpca-btn-cc-settings wpca-btn wpca-btn-hide\" title=\"Manage cookie settings\">Cookie settings<\/button><\/div>\n<h2 id=\"privacy\">Privacy<\/h2>\n<p>Informiamo gli Utenti del sito circa le modalit\u00e0 di gestione dello stesso, con riguardo al trattamento dei loro Dati Personali, cos\u00ec come prescritto dall\u2019art. 13 e 14 del Regolamento europeo n.679\/2016 \u2013 General Data Protection Regulation.<\/p>\n<p>La presente informativa rispetta e si conforma pienamente anche alla Raccomandazione n. 2\/2001, che le autorit\u00e0 europee per la protezione dei dati personali, riunite nel Gruppo istituito dall\u2019art. 29 della direttiva n. 95\/46\/CE, hanno adottato il 17 maggio 2001 per individuare alcuni requisiti minimi per la raccolta di dati personali online e, in particolare, le modalit\u00e0, i tempi e la natura delle informazioni che i titolari del trattamento devono fornire agli utenti quando questi si collegano a pagine web, indipendentemente dagli scopi del collegamento.<\/p>\n<p>Con la consultazione di questo sito possono essere trattati dati relativi a persone identificate o identificabili.<\/p>\n<p>Si specifica che i meccanismi di consenso saranno evidenti, brevi e facilmente comprensibili; se le condizioni originali per cui si \u00e8 chiesto il consenso dovessero subire modifiche, per esempio se cambiasse lo scopo del trattamento dei dati, sar\u00e0 richiesto un ulteriore consenso ai sensi del Regolamento Europeo n. 679\/2016.<\/p>\n<p>Si specifica inoltre che tutti i consensi raccolti saranno oggetto di documentazione tenuta separata e specifiche misure di sicurezza sono osservate per prevenire la perdita dei dati, usi illeciti o non corretti ed accessi non autorizzati. In caso di violazioni, gli utenti interessati saranno tempestivamente avvisati. Vi preghiamo inoltre di segnalarci eventuali anomalie riscontrate, la perdita o il furto delle credenziali di accesso al sito (qualora disponibili).<\/p>\n<p>I dati personali non saranno oggetto di diffusione ingiustificata e \u00e8 riconosciuto l\u2019esercizio dei diritti di cui agli artt. 11-20 del Regolamento europeo n. 679\/2016 facendone richiesta al Titolare del trattamento.<\/p>\n<h3>Titolare del trattamento<\/h3>\n<p><strong>Mariangela Catalani<\/strong><br \/>\nVia delle Pinzochere, 6<br \/>\n50122 Firenze<\/p>\n<p>info(at)lestanzedisantacroce.com<\/p>\n<h3>Responsabile del trattamento<\/h3>\n<p>L\u2019elenco dettagliato e aggiornato dei soggetti nominati responsabili del trattamento sar\u00e0 fornito facendone richiesta al Titolare.<\/p>\n<h3>Luoghi (dove i dati raccolti vengono trattati)<\/h3>\n<p>I trattamenti connessi ai servizi web di questo sito hanno luogo presso la sede aziendale del Titolare del trattamento, presso la sede della hosting\u00a0provider e del gestore del sito web e sono curati solo da personale tecnico incaricato del trattamento, oppure da eventuali incaricati di occasionali operazioni di manutenzione, che si impegnano si da subito a rispettare le leggi europee sulla privacy e quanto riportato in questo documento.<\/p>\n<p>Per ulteriori informazioni contatta il Titolare.<\/p>\n<h3>Tempi (per quanto tempo\u00a0 i dati raccolti vengono trattati)<\/h3>\n<p>I dati sono trattati per il tempo necessario allo svolgimento del servizio richiesto dall&#8217;Utente o richiesto dalle finalit\u00e0 descritte in questo documento e comunque al massimo un anno dal conferimento. L\u2019Utente pu\u00f2 sempre chiedere l\u2019interruzione del Trattamento o la cancellazione dei dati contattando il Titolare.<\/p>\n<h3>Modi (come i dati raccolti vengono trattati)<\/h3>\n<p>L\u2019utilizzo dei dati avverr\u00e0 con modalit\u00e0 idonee a garantire la sicurezza e la riservatezza degli stessi.<\/p>\n<p>I dati potranno essere trasmessi a soggetti terzi in forma aggregata e anonima o, in caso di legittima richiesta, all\u2019Autorit\u00e0 Giudiziaria.<\/p>\n<h3>Finalit\u00e0 (a quale scopo i dati raccolti vengono trattati)<\/h3>\n<h4>Dati forniti volontariamente<\/h4>\n<p>I dati personali forniti dall&#8217;Utente in maniera volontaria (richieste di informazioni, ecc.) sono utilizzati al solo fine di eseguire il servizio o la prestazione richiesta e sono comunicati a terzi solo nel caso in cui ci\u00f2 sia necessario per ottemperare alle richieste medesime e comunque nel rispetto della normativa vigente sulla privacy e di quanto riportato in questo documento. Salvo diversamente dichiarato, non verranno ceduti a terzi.<\/p>\n<p>I dati verranno trattati con strumenti informatici\/telematici per fornire i seguenti servizi:<\/p>\n<ul>\n<li>rispondere alle domande;<\/li>\n<li>ottemperare alle richieste;<\/li>\n<\/ul>\n<p>e inoltre per fornire i seguenti servizi, solo se richiesti e previo consenso specifico da indicare espressamente e separatamente dal precedente consenso:<\/p>\n<ul>\n<li>inviare newsletter o\u00a0informative;<\/li>\n<li>inviare contenuti editoriali, e-book, white paper, guide e monografie;<\/li>\n<li>partecipare ad eventi;<\/li>\n<li>inviare iniziative commerciali.<\/li>\n<\/ul>\n<h4>Dati raccolti in maniera automatica<\/h4>\n<p>Per necessit\u00e0 legate al funzionamento ed alla manutenzione, il sito e gli eventuali servizi terzi da esso utilizzati memorizzano <a href=\"#cookie\">cookie<\/a> e raccolgono log di sistema, ossia file che registrano le interazioni e che possono contenere anche Dati Personali, quali l\u2019indirizzo IP Utente.<\/p>\n<h3>Informative specifiche<\/h3>\n<p>Su richiesta degli Utenti, in aggiunta alle informazioni contenute in questa Privacy Policy, potremmo fornire delle informative aggiuntive e contestuali riguardanti servizi specifici o per la raccolta ed il trattamento di Dati Personali addizionali o per diverse finalit\u00e0.<\/p>\n<h3>Esercizio dei diritti da parte degli Utenti<\/h3>\n<p>I soggetti cui si riferiscono i Dati Personali hanno il diritto in qualunque momento di ottenere la conferma dell\u2019esistenza o meno degli stessi presso il Titolare del Trattamento, di conoscerne il contenuto e l\u2019origine, di verificarne l\u2019esattezza o chiederne l\u2019integrazione, la cancellazione, l\u2019aggiornamento, la portabilit\u00e0, la rettifica, la trasformazione in forma anonima o il blocco dei Dati Personali trattati in violazione di legge, nonch\u00e9 di opporsi in ogni caso, per motivi legittimi, al loro trattamento.<\/p>\n<p>Le richieste vanno inviate al Titolare del trattamento.<\/p>\n<h3>Modifiche a questa Privacy Policy<\/h3>\n<p>Il Titolare del Trattamento si riserva il diritto di apportare modifiche alla presente privacy policy in qualunque momento dandone pubblicit\u00e0 agli Utenti su questa pagina. Si prega dunque di consultare spesso questa pagina, prendendo come riferimento la data di ultima modifica indicata in alto. Nel caso di mancata accettazione delle modifiche apportate alla presente Privacy Policy, l\u2019Utente \u00e8 tenuto a cessare l\u2019utilizzo dei servizi attivati e pu\u00f2 richiedere al Titolare del Trattamento di rimuovere i propri Dati Personali. Salvo quanto diversamente specificato, la precedente Privacy Policy continuer\u00e0 ad applicarsi ai Dati Personali sino a quel momento raccolti.<\/p>\n<h3>Informazioni aggiuntive e approfondimenti<\/h3>\n<p>Il Titolare del Trattamento dei Dati \u00e8 responsabile per questa Privacy Policy.<br \/>\nMaggiori informazioni in relazione al trattamento dei Dati Personali potranno essere richieste in qualsiasi momento al Titolare del Trattamento utilizzando le informazioni di contatto.<\/p>\n<h3>Reclamo all\u2019autorit\u00e0 competente<\/h3>\n<p>Pu\u00f2 essere sporto reclamo in relazione al trattamento all\u2019Autorit\u00e0 competente: Garante sulla Protezione dei Dati personali, P.zza di Monte Citorio, 121 \u2013 00186 Roma, Fax: (+39) 06.69677.3785, centralino telefonico: (+39) 06.696771, email: <a href=\"mailto:garante@gpdp.it\">garante@gpdp.it<\/a><\/p>\n<p>&nbsp;<\/p>\n<h2 id=\"cookie\">Cookie<\/h2>\n<h3>Uso dei cookie<\/h3>\n<p>Utilizziamo i cookie per rendere i servizi semplici ed efficienti per gli Utenti che visionano le pagine di questo sito; per chi acconsentir\u00e0 al loro utilizzo, verranno inserite delle quantit\u00e0 minime di informazioni nei dispositivi in uso, che siano computer e periferiche mobili, in piccoli file di testo denominati \u201ccookie\u201d salvati nelle directory utilizzate dal browser web.<br \/>\nVi sono vari tipi di cookie, alcuni per rendere pi\u00f9 efficace l\u2019uso del sito, altri per abilitare determinate funzionalit\u00e0.<br \/>\nAnalizzandoli in maniera particolareggiata i nostri cookie permettono di:<\/p>\n<ul>\n<li>memorizzare le preferenze inserite;<\/li>\n<li>evitare di reinserire le stesse informazioni pi\u00f9 volte durante la visita quali ad esempio nome utente e password;<\/li>\n<li>poter utilizzare alcuni servizi forniti anche da terzi parti, come l&#8217;interazione con le reti sociali o la fruizione di mappe o video;<\/li>\n<li>analizzare l\u2019utilizzo dei servizi e dei contenuti forniti dai siti per ottimizzarne l\u2019esperienza di navigazione e i servizi offerti.<\/li>\n<\/ul>\n<p>Un&#8217;elenco completo dei cookie utilizzati in questo sito pu\u00f2 essere reperito a questo link: <a href=\"https:\/\/webcookies.org\/\" target=\"_blank\" rel=\"nofollow noopener noreferrer\">https:\/\/webcookies.org\/<\/a><\/p>\n<h3>Tipologie di Cookie utilizzati<\/h3>\n<h4>Cookie Tecnici<\/h4>\n<p>Questa tipologia di cookie permette il\u00a0<strong>corretto funzionamento di alcune sezioni del Sito<\/strong>. Sono di due categorie, persistenti e di sessione:<\/p>\n<ul>\n<li>persistenti: una volta chiuso il browser non vengono distrutti ma rimangono fino ad una data di scadenza preimpostata;<\/li>\n<li>di sessione: vengono distrutti ogni volta che il browser viene chiuso.<\/li>\n<\/ul>\n<p>Questi cookie, inviati sempre dal dominio del sito di navigazione, sono necessari a visualizzare correttamente il sito e in relazione ai servizi tecnici offerti, verranno quindi sempre utilizzati e inviati, a meno che l\u2019utenza non modifichi le impostazioni nel proprio browser (inficiando cos\u00ec la visualizzazione delle pagine del sito).<\/p>\n<h4>Cookie di analitici<\/h4>\n<p>I cookie in questa categoria vengono utilizzati\u00a0<strong>per collezionare informazioni sull\u2019uso del sito<\/strong><strong>.<\/strong>\u00a0Useremo queste informazioni in merito ad analisi statistiche anonime al fine di migliorare l\u2019utilizzo del sito e per rendere i contenuti pi\u00f9 interessanti e attinenti ai desideri dell\u2019utenza. Questa tipologia di cookie raccoglie dati in forma anonima sull\u2019attivit\u00e0 dell\u2019utenza e su come \u00e8 arrivata sul sito. I cookie analitici sono inviati dal sito stesso o da domini di terze parti.<\/p>\n<h4>Cookie di analisi di servizi di terze parti<\/h4>\n<p>Questi cookie sono utilizzati al fine di raccogliere informazioni sull\u2019uso del sito da parte degli utenti in forma anonima quali: pagine visitate, tempo di permanenza, origini del traffico di provenienza, provenienza geografica, et\u00e0, genere e interessi ai fini di campagne di marketing. Questi cookie sono inviati da domini di terze parti esterni ai nostri siti.<\/p>\n<h4>Cookie per integrare prodotti e funzioni di software di terze parti<\/h4>\n<p>Questa tipologia di cookie integra funzionalit\u00e0 sviluppate da terzi all\u2019interno delle pagine del sito come le icone e le preferenze espresse nei social network al fine di condivisione dei contenuti del sito o per l\u2019uso di servizi software di terze parti (come i software per generare le mappe e ulteriori software che offrono servizi aggiuntivi). Questi cookie sono inviati da domini di terze parti e da siti partner che offrono le loro funzionalit\u00e0 tra le pagine del sito.<\/p>\n<h4>Cookie di profilazione<\/h4>\n<p>Sono cookie necessari a creare profili utenti al fine di inviare messaggi pubblicitari in linea con le preferenze manifestate dall\u2019utente all\u2019interno delle pagine del sito. Su questo sito sono utilizzati cookies di profilazione di altre parti e non gestiamo direttamente le preferenze o le scelte degli utenti del sito.<\/p>\n<p>Secondo la normativa vigente, non siamo tenuta a chiedere consenso per i cookie tecnici, in quanto necessari a fornire i servizi richiesti.<\/p>\n<p>Per tutte le altre tipologie di cookie il consenso pu\u00f2 essere espresso dall\u2019Utente con una o pi\u00f9 di una delle seguenti modalit\u00e0:<\/p>\n<ul>\n<li>mediante specifiche configurazioni del browser utilizzato o dei relativi programmi informatici utilizzati per navigare le pagine che compongono il Sito;<\/li>\n<li>mediante modifica delle impostazioni nell\u2019uso dei servizi di terze parti.<\/li>\n<\/ul>\n<p>Entrambe queste soluzioni potrebbero impedire all\u2019utente di utilizzare o visualizzare parti del Sito.<\/p>\n<h3>Come disabilitare i cookie mediante configurazione del browser<\/h3>\n<h4>Google Chrome<\/h4>\n<p><a href=\"https:\/\/support.google.com\/accounts\/answer\/32050?hl=it\">https:\/\/support.google.com\/accounts\/answer\/32050?hl=it<\/a><\/p>\n<h4>Internet Explorer<\/h4>\n<p><a href=\"http:\/\/windows.microsoft.com\/it-it\/internet-explorer\/delete-manage-cookies#ie=ie-11\">http:\/\/windows.microsoft.com\/it-it\/internet-explorer\/delete-manage-cookies#ie=ie-11<\/a><\/p>\n<h4>Firefox<\/h4>\n<p><a href=\"https:\/\/support.mozilla.org\/it\/kb\/Eliminare%20i%20cookie\">https:\/\/support.mozilla.org\/it\/kb\/Eliminare%20i%20cookie<\/a><\/p>\n<h4>iPhone \/ iPad<\/h4>\n<p><a href=\"https:\/\/support.apple.com\/it-it\/HT201265\">https:\/\/support.apple.com\/it-it\/HT201265<\/a><\/p>\n<h4>Safari<\/h4>\n<p><a href=\"https:\/\/support.apple.com\/kb\/PH17191?locale=it_IT&amp;viewlocale=it_IT\">https:\/\/support.apple.com\/kb\/PH17191?locale=it_IT&amp;viewlocale=it_IT<\/a><\/p>\n<h3>Come disabilitare i cookie di servizi di terzi<\/h3>\n<p><a href=\"http:\/\/www.google.com\/ads\/preferences\/?hl=it\">Google<\/a><br \/>\n<a href=\"https:\/\/www.facebook.com\/help\/cookies?ref_type=sitefooter\">Facebook<\/a><br \/>\n<a href=\"https:\/\/support.twitter.com\/articles\/20170519-uso-dei-cookie-e-di-altre-tecnologie-simili-da-parte-di-twitter\">Twitter<\/a><\/p>\n<p>Se usi un qualsiasi altro browser, cerca nelle Impostazioni del browser la modalit\u00e0 di gestione dei cookies.<\/p>\n<p>In caso di dispositivi diversi (per esempio, computer, smartphone, tablet, ecc.), l\u2019utente dovr\u00e0 assicurarsi che ciascun browser su ogni dispositivo sia regolato per riflettere le proprie preferenze relative ai cookies.<\/p>\n<p>Tieni presente per\u00f2 che il rifiuto esplicito dei cookie di profilazione non impedir\u00e0 di ricevere annunci pubblicitari, ma comporter\u00e0 semplicemente il fatto che tali annunci non saranno pi\u00f9 personalizzati.<\/p>\n<p>Se ti interessa saperne di pi\u00f9 sui cookies visita la pagina\u00a0<a href=\"http:\/\/www.allaboutcookies.org\/\" target=\"_blank\" rel=\"noopener noreferrer\">www.allaboutcookies.org<\/a>.<\/p>\n","protected":false},"excerpt":{"rendered":"<p>Pagina aggiornata il 01\/01\/2022 Questa pagina contiene l\u2019informativa sulla privacy (Privacy Policy) e l\u2019informativa estesa sull\u2019utilizzo dei cookie (Cookie Policy) aggiornate in base al Regolamento Generale sulla Protezione dei Dati (GDPR- General Data Protection Regulation) n. 679\/2016.\u00a0\u00a0Puoi ottenere ulteriori informazioni [&hellip;]<\/p>\n","protected":false},"author":1,"featured_media":0,"parent":0,"menu_order":0,"comment_status":"closed","ping_status":"closed","template":"","meta":{"footnotes":""},"class_list":["post-4076","page","type-page","status-publish","hentry"],"_links":{"self":[{"href":"https:\/\/www.lestanzedisantacroce.com\/it\/wp-json\/wp\/v2\/pages\/4076","targetHints":{"allow":["GET"]}}],"collection":[{"href":"https:\/\/www.lestanzedisantacroce.com\/it\/wp-json\/wp\/v2\/pages"}],"about":[{"href":"https:\/\/www.lestanzedisantacroce.com\/it\/wp-json\/wp\/v2\/types\/page"}],"author":[{"embeddable":true,"href":"https:\/\/www.lestanzedisantacroce.com\/it\/wp-json\/wp\/v2\/users\/1"}],"replies":[{"embeddable":true,"href":"https:\/\/www.lestanzedisantacroce.com\/it\/wp-json\/wp\/v2\/comments?post=4076"}],"version-history":[{"count":1,"href":"https:\/\/www.lestanzedisantacroce.com\/it\/wp-json\/wp\/v2\/pages\/4076\/revisions"}],"predecessor-version":[{"id":8495,"href":"https:\/\/www.lestanzedisantacroce.com\/it\/wp-json\/wp\/v2\/pages\/4076\/revisions\/8495"}],"wp:attachment":[{"href":"https:\/\/www.lestanzedisantacroce.com\/it\/wp-json\/wp\/v2\/media?parent=4076"}],"curies":[{"name":"wp","href":"https:\/\/api.w.org\/{rel}","templated":true}]}}